{"id":35,"date":"2023-05-08T08:25:44","date_gmt":"2023-05-08T08:25:44","guid":{"rendered":"https:\/\/dsdaosan.com\/?page_id=35"},"modified":"2023-05-08T08:30:57","modified_gmt":"2023-05-08T08:30:57","slug":"politica-de-cookies","status":"publish","type":"page","link":"https:\/\/dsdaosan.com\/?page_id=35","title":{"rendered":"Pol\u00edtica de cookies"},"content":{"rendered":"\t\t<div data-elementor-type=\"wp-page\" data-elementor-id=\"35\" class=\"elementor elementor-35\" data-elementor-post-type=\"page\">\n\t\t\t\t\t\t<section class=\"elementor-section elementor-top-section elementor-element elementor-element-e1001cc elementor-section-full_width elementor-section-height-min-height elementor-section-height-default elementor-section-items-middle\" data-id=\"e1001cc\" data-element_type=\"section\" data-e-type=\"section\" data-settings=\"{&quot;jet_parallax_layout_list&quot;:[],&quot;background_background&quot;:&quot;classic&quot;}\">\n\t\t\t\t\t\t\t<div class=\"elementor-background-overlay\"><\/div>\n\t\t\t\t\t\t\t<div class=\"elementor-container elementor-column-gap-no\">\n\t\t\t\t\t<div class=\"elementor-column elementor-col-100 elementor-top-column elementor-element elementor-element-4b7de53d\" data-id=\"4b7de53d\" data-element_type=\"column\" data-e-type=\"column\">\n\t\t\t<div class=\"elementor-widget-wrap elementor-element-populated\">\n\t\t\t\t\t\t<div class=\"elementor-element elementor-element-4c6b0f3c elementor-widget__width-auto elementor-widget elementor-widget-heading\" data-id=\"4c6b0f3c\" data-element_type=\"widget\" data-e-type=\"widget\" data-widget_type=\"heading.default\">\n\t\t\t\t<div class=\"elementor-widget-container\">\n\t\t\t\t\t<h2 class=\"elementor-heading-title elementor-size-default\">COOKIES<\/h2>\t\t\t\t<\/div>\n\t\t\t\t<\/div>\n\t\t\t\t\t<\/div>\n\t\t<\/div>\n\t\t\t\t\t<\/div>\n\t\t<\/section>\n\t\t\t\t<section class=\"elementor-section elementor-top-section elementor-element elementor-element-6a052a75 elementor-section-boxed elementor-section-height-default elementor-section-height-default\" data-id=\"6a052a75\" data-element_type=\"section\" data-e-type=\"section\" data-settings=\"{&quot;jet_parallax_layout_list&quot;:[]}\">\n\t\t\t\t\t\t<div class=\"elementor-container elementor-column-gap-default\">\n\t\t\t\t\t<div class=\"elementor-column elementor-col-100 elementor-top-column elementor-element elementor-element-2f4a3543\" data-id=\"2f4a3543\" data-element_type=\"column\" data-e-type=\"column\">\n\t\t\t<div class=\"elementor-widget-wrap elementor-element-populated\">\n\t\t\t\t\t\t<div class=\"elementor-element elementor-element-4e7e5b15 elementor-widget elementor-widget-text-editor\" data-id=\"4e7e5b15\" data-element_type=\"widget\" data-e-type=\"widget\" data-widget_type=\"text-editor.default\">\n\t\t\t\t<div class=\"elementor-widget-container\">\n\t\t\t\t\t\t\t\t\t<p><span style=\"font-weight: 400;\">CERAMICAS DAOSAN, S.L.U. no utiliza cookies para recoger informaci\u00f3n de las personas usuarias. \u00danicamente se utilizan cookies propias,\u00a0 de sesi\u00f3n, con finalidad t\u00e9cnica (aquellas que permiten a la persona usuaria\u00a0la navegaci\u00f3n a trav\u00e9s del sitio web y la utilizaci\u00f3n de las diferentes opciones y servicios que en ella existen).\u201d<\/span><\/p><p><span style=\"font-weight: 400;\">En el caso de que su p\u00e1gina web si utilice cookies adicionales a las necesarias para su uso, puede seguir leyendo este gu\u00eda ya que explicamos este tema mas detalladamente y con ejemplos.<\/span><\/p><p><b>INFORMACI\u00d3N ORIENTATIVA USO DE COOKIES<\/b><\/p><ol><li style=\"font-weight: 400;\" aria-level=\"1\"><span style=\"font-weight: 400;\">BANNER (barra emergente activada en el sitio web):<\/span><\/li><\/ol><p><span style=\"font-weight: 400;\">Explicaci\u00f3n:\u00a0<\/span><\/p><p><span style=\"font-weight: 400;\">El banner de informaci\u00f3n deber\u00e1 contener un bot\u00f3n para aceptar todas las cookies y otro para configurarlas, mencionando que dentro de la configuraci\u00f3n podr\u00e1 rechazar todas las cookies con un solo bot\u00f3n. Este \u00faltimo, debe enlazar directamente con el panel de configuraci\u00f3n de cookies contenido en la Pol\u00edtica de Cookies.<\/span><\/p><p><span style=\"font-weight: 400;\">El bot\u00f3n de configurar las cookies deber\u00e1 llevar al usuario directamente a este panel de configuraci\u00f3n, que permita al propio usuario configurar las cookies en funci\u00f3n de su propio criterio.<\/span><\/p><p><span style=\"font-weight: 400;\">Es fundamental coordinarse con el dise\u00f1ador web<\/span><span style=\"font-weight: 400;\"> para identificar las cookies utilizadas y establecer los par\u00e1metros del Panel de Configuraci\u00f3n de Cookies.\u00a0<\/span><\/p><p><span style=\"font-weight: 400;\">El contenido del banner de cookies depender\u00e1 de las que sean utilizadas en el sitio web:\u00a0\u00a0<\/span><\/p><p><span style=\"font-weight: 400;\">Ejemplo 1 (utilizaci\u00f3n de cookies estad\u00edsticas y de elaboraci\u00f3n perfiles):<\/span><\/p><p><i><span style=\"font-weight: 400;\">Este sitio web utiliza Cookies, tanto propias como de terceros, para su correcto funcionamiento, recopilar informaci\u00f3n estad\u00edstica sobre su navegaci\u00f3n y mostrarle publicidad relacionada con sus preferencias, generada a partir de sus pautas de navegaci\u00f3n. Puede configurar, rechazar las cookies, u obtener m\u00e1s informaci\u00f3n clicando la opci\u00f3n \u201cconfigurar\u201d. Para m\u00e1s informaci\u00f3n acceda a <\/span><\/i><i><span style=\"font-weight: 400;\">Pol\u00edtica de cookies<\/span><\/i><i><span style=\"font-weight: 400;\">.<\/span><\/i><\/p><p><i><span style=\"font-weight: 400;\">CONFIGURAR\u00a0 \u00a0 \u00a0 \u00a0 ACEPTAR<\/span><\/i><\/p><p><span style=\"font-weight: 400;\">Ejemplo 2 (utilizaci\u00f3n de cookies estad\u00edsticas):<\/span><\/p><p><i><span style=\"font-weight: 400;\">Este sitio web utiliza Cookies para su correcto funcionamiento y recopilar informaci\u00f3n estad\u00edstica sobre su navegaci\u00f3n. Puede configurar, rechazar las cookies, u obtener m\u00e1s informaci\u00f3n clicando la opci\u00f3n \u201cconfigurar\u201d. Para m\u00e1s informaci\u00f3n acceda a <\/span><\/i><i><span style=\"font-weight: 400;\">Pol\u00edtica de cookies<\/span><\/i><i><span style=\"font-weight: 400;\">.<\/span><\/i><\/p><p><i><span style=\"font-weight: 400;\">CONFIGURAR\u00a0 \u00a0 \u00a0 \u00a0 ACEPTAR<\/span><\/i><\/p><ol><li style=\"font-weight: 400;\" aria-level=\"1\"><span style=\"font-weight: 400;\">P\u00c1GINA ESPEC\u00cdFICA CON UN MODULO DE CONFIGURACI\u00d3N:<\/span><\/li><\/ol><p><span style=\"font-weight: 400;\">Explicaci\u00f3n:\u00a0<\/span><\/p><p><span style=\"font-weight: 400;\">Se trata de que el usuario del sitio web tenga conocimiento detallado de las cookies utilizadas por el sitio web y de los terceros que acceden a la informaci\u00f3n recogidas por estas. Siempre tendr\u00e1 la posibilidad de configurar las que quiere utilizar antes de ser instaladas en el dispositivo desde el que navega. Para ello deber\u00e1 implementarse:\u00a0\u00a0<\/span><\/p><ul><li style=\"font-weight: 400;\" aria-level=\"1\"><span style=\"font-weight: 400;\">Un Panel de Configuraci\u00f3n f\u00e1cilmente accesible al visitar la Pol\u00edtica de Cookies del sitio web.<\/span><\/li><li style=\"font-weight: 400;\" aria-level=\"1\"><span style=\"font-weight: 400;\">Un texto explicativo de la Pol\u00edtica de Cookies.\u00a0<\/span><\/li><\/ul><p><b>PANEL DE CONFIGURACI\u00d3N\u00a0<\/b><\/p><p><span style=\"font-weight: 400;\">Y en la pol\u00edtica de cookies, la cual debe ser accesible a trav\u00e9s de un enlace siempre visible en la p\u00e1gina web, puede contener lo siguiente (Por favor repase todo el texto ya que se especifica que tipos de cookies puede utilizar la p\u00e1gina web):<\/span><\/p><p><b>POLITICA DE COOKIES<\/b><\/p><p><span style=\"font-weight: 400;\">\u00a0<\/span><b>\u00bfQU\u00c9 SON LAS COOKIES Y C\u00d3MO LAS UTILIZA EL SITIO WEB DE CERAMICAS DAOSAN, S.L.U.?<\/b><\/p><p><span style=\"font-weight: 400;\">Las Cookies son archivos que el Sitio web o la aplicaci\u00f3n que utiliza instala en su navegador o en su dispositivo (Smartphone, tableta o televisi\u00f3n conectada) durante su recorrido por las p\u00e1ginas o por la aplicaci\u00f3n, y sirven para almacenar informaci\u00f3n sobre su visita. Como la mayor\u00eda de los sitios en internet, el portal web de CERAMICAS DAOSAN, S.L.U. utiliza Cookies para:<\/span><\/p><ul><li style=\"font-weight: 400;\" aria-level=\"1\"><span style=\"font-weight: 400;\">Asegurar que las p\u00e1ginas web pueden funcionar correctamente<\/span><\/li><li style=\"font-weight: 400;\" aria-level=\"1\"><span style=\"font-weight: 400;\">Almacenar sus preferencias, como el idioma que ha seleccionado o el tama\u00f1o de letra.<\/span><\/li><li style=\"font-weight: 400;\" aria-level=\"1\"><span style=\"font-weight: 400;\">Conocer su experiencia de navegaci\u00f3n.<\/span><\/li><li style=\"font-weight: 400;\" aria-level=\"1\"><span style=\"font-weight: 400;\">Recopilar informaci\u00f3n estad\u00edstica an\u00f3nima, como qu\u00e9 p\u00e1ginas ha visto o cu\u00e1nto tiempo ha estado en nuestros medios.<\/span><\/li><\/ul><p><span style=\"font-weight: 400;\">El uso de Cookies nos permite optimizar su navegaci\u00f3n, adaptando la informaci\u00f3n y los servicios ofrecidos a sus intereses, para proporcionarle una mejor experiencia siempre que nos visite. El Sitio web de CERAMICAS DAOSAN, S.L.U. utiliza Cookies para funcionar, adaptar y facilitar al m\u00e1ximo la navegaci\u00f3n del Usuario.<\/span><\/p><p><span style=\"font-weight: 400;\">Las Cookies se asocian \u00fanicamente a un usuario an\u00f3nimo y su ordenador\/dispositivo y no proporcionan referencias que permitan conocer datos personales. En todo momento podr\u00e1 acceder a la configuraci\u00f3n de su navegador para modificar y\/o bloquear la instalaci\u00f3n de las Cookies enviadas por el Sitio web de CERAMICAS DAOSAN, S.L.U., sin que ello impida al acceso a los contenidos. Sin embargo, la calidad del funcionamiento de los servicios puede verse afectada.<\/span><\/p><p><span style=\"font-weight: 400;\">Los Usuarios que completen el proceso de registro o hayan iniciado sesi\u00f3n con sus datos de acceso podr\u00e1n acceder a servicios personalizados y adaptados a sus preferencias seg\u00fan la informaci\u00f3n personal suministrada en el momento del registro y la almacenada en la Cookie de su navegador.<\/span><\/p><p><span style=\"font-weight: 400;\">Las herramientas de email-marketing de CERAMICAS DAOSAN, S.L.U. utilizan peque\u00f1as im\u00e1genes invisibles para los usuarios que son incluidas en los emails. Esta tecnolog\u00eda nos permite saber si un email se ha le\u00eddo o no, en qu\u00e9 fecha, la direcci\u00f3n IP desde la que ha sido consultado, etc. Con esta informaci\u00f3n, realizamos estudios estad\u00edsticos y anal\u00edticos sobre el env\u00edo y recepci\u00f3n de los emails para mejorar la oferta de los servicios a los que el usuario est\u00e1 suscrito y ofrecerle informaci\u00f3n que pueda ser de su inter\u00e9s.<\/span><\/p><p><b>\u00bfPOR QU\u00c9 SON IMPORTANTES LAS COOKIES?<\/b><\/p><ul><li style=\"font-weight: 400;\" aria-level=\"1\"><span style=\"font-weight: 400;\">Desde un punto de vista t\u00e9cnico, permiten que el Sitio web funcione de forma m\u00e1s \u00e1gil y adaptada a las preferencias de los usuarios, como por ejemplo almacenar el idioma, la moneda del pa\u00eds o detectar el dispositivo de acceso.<\/span><\/li><li style=\"font-weight: 400;\" aria-level=\"1\"><span style=\"font-weight: 400;\">Establecen niveles de protecci\u00f3n y seguridad que impiden o dificultan ciberataques contra el Sitio web o sus usuarios.<\/span><\/li><li style=\"font-weight: 400;\" aria-level=\"1\"><span style=\"font-weight: 400;\">Permiten que los gestores de los medios puedan conocer datos estad\u00edsticos recopilados en las Cookies para mejorar la calidad y experiencia de sus servicios.<\/span><\/li><li style=\"font-weight: 400;\" aria-level=\"1\"><span style=\"font-weight: 400;\">Sirven para optimizar la publicidad que mostramos a los usuarios, ofreciendo la que m\u00e1s se ajusta a sus intereses.<\/span><\/li><\/ul><p><span style=\"font-weight: 400;\">\u00a0<\/span><b>\u00bfQU\u00c9 TIPO DE COOKIES UTILIZAMOS EN CERAMICAS DAOSAN, S.L.U.?<\/b><\/p><ol><li style=\"font-weight: 400;\" aria-level=\"1\"><span style=\"font-weight: 400;\">Cookies \u201canal\u00edticas\u201d: Con prop\u00f3sitos de mantenimiento peri\u00f3dico, y en aras de garantizar el mejor servicio posible al usuario, este sitio web hace uso de cookies \u201canal\u00edticas\u201d para el recabado de estad\u00edsticas de actividad. La informaci\u00f3n recabada ser\u00e1 en todo caso an\u00f3nima, no siendo posible establecer v\u00ednculo alguno entre patrones de navegaci\u00f3n y personas f\u00edsicas. El usuario podr\u00e1 excluir su actividad individual mediante los sistemas de exclusi\u00f3n facilitados por los propios proveedores de los sistemas de an\u00e1lisis que utilizan estas cookies, como Google Analytics. Es posible que esta web utilice varios de dichos sistemas, y puede consultar la lista completa en el listado de cookies al final de este documento.\u00a0<\/span><\/li><li style=\"font-weight: 400;\" aria-level=\"1\"><span style=\"font-weight: 400;\">Otras cookies de uso interno: Adem\u00e1s, esta web puede usar diversas cookies para el mantenimiento de sesiones de usuario entre diferentes \u201clogins\u201d a las \u00e1reas privadas o de autogesti\u00f3n facilitadas. Su desactivaci\u00f3n ocasiona normalmente molestias al usuario en forma de funcionalidades bloqueadas, y son por tanto cookies necesarias para el funcionamiento de este sitio. Nuevamente, puede consultar la lista completa en el listad de cookies al final de este documento.\u00a0<\/span><\/li><li style=\"font-weight: 400;\" aria-level=\"1\"><span style=\"font-weight: 400;\">Cookies usadas por redes sociales: Adem\u00e1s, en la medida en que se hace uso de Social Plugins, esta web puede participar de distintas redes sociales, como por ejemplo Facebook, para permitir que el usuario pueda compartir con su c\u00edrculo social aquellos contenidos que le resulten de inter\u00e9s. En la lista de cookies al final de este documento, se pueden comprobar las cookies instaladas y las redes sociales correspondientes.<\/span><\/li><\/ol><ol><li style=\"font-weight: 400;\" aria-level=\"1\"><span style=\"font-weight: 400;\">Cookies usadas por complementos externos de contenido: Esta web puede hacer uso de complementos de visualizaci\u00f3n de contenido, como por ejemplo Google Maps para visualizar ubicaciones geogr\u00e1ficas. Su uso implica en ocasiones la remisi\u00f3n de ciertas cookies que son detalladas en el listado al final del documento. Algunas de estas cookies son instaladas y gestionadas por los proveedores de dichos complementos, no pudiendo ser accedidas por esta sitio web.<\/span><\/li><\/ol><ol><li style=\"font-weight: 400;\" aria-level=\"1\"><span style=\"font-weight: 400;\">Cookies de terceros para la personalizaci\u00f3n de espacios publicitarios: Esta web puede hacer uso de ad servers y, por ende, cookies vinculadas a los mismos para la elaboraci\u00f3n de perfiles a partir de preferencias y comportamiento. En caso de hacerlo, las mismas se detallar\u00e1n en el listado al final de este documento, no siendo instaladas si, tras ser informado al acceder al sitio, el usuario no acepta la pol\u00edtica de cookies y por tanto no contin\u00faa su navegaci\u00f3n.<\/span><\/li><\/ol><p><b>RELACI\u00d3N Y DESCRIPCI\u00d3N DE COOKIES. NIVELES DE INTRUSI\u00d3N:<\/b><\/p><p><span style=\"font-weight: 400;\">La tabla que aqu\u00ed sigue esquematiza las cookies arriba expuestas, incorporando un criterio de \u201cnivel de intrusi\u00f3n\u201d apoyado en una escala del 1 al 3, en la que:<\/span><\/p><p><b>Nivel 1:<\/b><span style=\"font-weight: 400;\"> se corresponde con cookies de uso interno imprescindibles para el funcionamiento del sitio web y, por tanto, la prestaci\u00f3n del servicio solicitado por el usuario, as\u00ed como cookies gestionadas por terceros con la \u00fanica finalidad de permitir el correcto funcionamiento de complementos externos de contenido y, por tanto, necesarias para la correcta visualizaci\u00f3n de este sitio web.<\/span><span style=\"font-weight: 400;\"><br \/><\/span><b>Nivel 2:<\/b><span style=\"font-weight: 400;\"> se corresponde con cookies an\u00f3nimas, anal\u00edticas, de uso interno, necesarias para el mantenimiento de contenidos y navegaci\u00f3n, y exclusivamente gestionadas por este sitio web.<\/span><span style=\"font-weight: 400;\"><br \/><\/span><b>Nivel 3:<\/b><span style=\"font-weight: 400;\"> se corresponde con cookies gestionadas por terceros que permiten el seguimiento del usuario a trav\u00e9s de otras webs o servicios.<\/span><\/p><p><span style=\"font-weight: 400;\">\u00a0<\/span><b>TABLA DE COOKIES USADAS EN ESTE SITIO WEB, INDICANDO EL GESTOR DE LAS MISMAS CUANDO ES UN TERCERO<\/b><\/p><p><span style=\"font-weight: 400;\">(ejemplo de cookies m\u00e1s comunes, ver exactamente las que se recogen a trav\u00e9s de la web)<\/span><\/p><table><tbody><tr><td><p><b>Cookie<\/b><\/p><\/td><td><p><b>Duraci\u00f3n<\/b><\/p><\/td><td><p><b>Prop\u00f3sito<\/b><\/p><\/td><td><p><b>Intrusi\u00f3n<\/b><\/p><\/td><\/tr><tr><td><p><span style=\"font-weight: 400;\">sessionid<\/span><\/p><\/td><td><p><span style=\"font-weight: 400;\">1 mes<\/span><\/p><\/td><td><p><span style=\"font-weight: 400;\">Cookie propia. Mantenimiento de la sesi\u00f3n de usuario a lo largo de la web y formularios<\/span><\/p><\/td><td><p><span style=\"font-weight: 400;\">nivel 1<\/span><\/p><\/td><\/tr><tr><td><p><span style=\"font-weight: 400;\">__utma<\/span><\/p><\/td><td><p><span style=\"font-weight: 400;\">2 a\u00f1os<\/span><\/p><\/td><td><p><span style=\"font-weight: 400;\">Cuando este usuario vuelva a entrar en nuestra p\u00e1gina con el mismo navegador, la cookie considerar\u00e1 que es el mismo usuario. Solo en el caso de que el usuario cambie de navegador, Google Analytics lo considerar\u00e1 otro usuario<\/span><\/p><\/td><td><p><span style=\"font-weight: 400;\">nivel 2<\/span><\/p><\/td><\/tr><tr><td><p><span style=\"font-weight: 400;\">__utmb<\/span><\/p><\/td><td><p><span style=\"font-weight: 400;\">30 minutos<\/span><\/p><\/td><td><p><span style=\"font-weight: 400;\">Medici\u00f3n interna con Google Analytics. Habilita la funci\u00f3n de c\u00e1lculo del tiempo de sesi\u00f3n. Registra la hora de entrada en la p\u00e1gina.<\/span><\/p><\/td><td><p><span style=\"font-weight: 400;\">nivel 2<\/span><\/p><\/td><\/tr><tr><td><p><span style=\"font-weight: 400;\">__utmc<\/span><\/p><\/td><td><p><span style=\"font-weight: 400;\">De sesi\u00f3n<\/span><\/p><\/td><td><p><span style=\"font-weight: 400;\">Medici\u00f3n interna con Google Analytics. Habilita la funci\u00f3n de c\u00e1lculo del tiempo de sesi\u00f3n. Comprueba si se debe mantener la sesi\u00f3n abierta o se debe crear una sesi\u00f3n nueva. Se elimina autom\u00e1ticamente al cambiar de web o al cerrar el navegador.<\/span><\/p><\/td><td><p><span style=\"font-weight: 400;\">nivel 2<\/span><\/p><\/td><\/tr><tr><td><p><span style=\"font-weight: 400;\">__utmz<\/span><\/p><\/td><td><p><span style=\"font-weight: 400;\">6 meses<\/span><\/p><\/td><td><p><span style=\"font-weight: 400;\">Medici\u00f3n interna con Google Analytics. Habilita la funci\u00f3n de registro de la procedencia del usuario. Los datos registrados ser\u00e1n, entre otros, si el usuario llega a nuestro Website por tr\u00e1fico directo, desde otra web, desde una campa\u00f1a publicitaria o desde un buscador (indicando la palabra clave utilizada y la fuente)<\/span><\/p><\/td><td><p><span style=\"font-weight: 400;\">nivel 2<\/span><\/p><\/td><\/tr><\/tbody><\/table><p>\u00a0<\/p><p><b>\u00bfC\u00d3MO PUEDO DESACTIVAR O ELIMINAR ESTAS COOKIES?<\/b><\/p><p><span style=\"font-weight: 400;\">El usuario podr\u00e1 en cualquier momento elegir qu\u00e9 cookies quiere que funcionen en este sitio web mediante, por ejemplo, la configuraci\u00f3n del navegador:<\/span><\/p><ul><li style=\"font-weight: 400;\" aria-level=\"1\"><span style=\"font-weight: 400;\">Para m\u00e1s informaci\u00f3n sobre Microsoft Internet Explorer <\/span><a href=\"http:\/\/windows.microsoft.com\/es-419\/internet-explorer\/delete-manage-cookies#ie=ie-11\" target=\"_blank\" rel=\"noopener\"><span style=\"font-weight: 400;\">pulse aqu\u00ed<\/span><\/a><\/li><li style=\"font-weight: 400;\" aria-level=\"1\"><span style=\"font-weight: 400;\">Para m\u00e1s informaci\u00f3n sobre Mozilla Firefox <\/span><a href=\"https:\/\/support.mozilla.org\/es\/kb\/habilitar-y-deshabilitar-cookies-que-los-sitios-we#w_lcahmo-cambio-la-configuraciahn-de-las-cookies\" target=\"_blank\" rel=\"noopener\"><span style=\"font-weight: 400;\">pulse aqu\u00ed<\/span><\/a><\/li><li style=\"font-weight: 400;\" aria-level=\"1\"><span style=\"font-weight: 400;\">Para m\u00e1s informaci\u00f3n sobre Google Chrome <\/span><a href=\"https:\/\/support.google.com\/accounts\/answer\/61416?hl=es\" target=\"_blank\" rel=\"noopener\"><span style=\"font-weight: 400;\">pulse aqu\u00ed<\/span><\/a><\/li><li style=\"font-weight: 400;\" aria-level=\"1\"><span style=\"font-weight: 400;\">Para m\u00e1s informaci\u00f3n sobre Safari <\/span><a href=\"https:\/\/support.apple.com\/es-es\/guide\/safari\/sfri11471\/mac\" target=\"_blank\" rel=\"noopener\"><span style=\"font-weight: 400;\">pulse aqu\u00ed<\/span><\/a><\/li><\/ul><p><b>QU\u00c9 OCURRE SI SE DESHABILITAN LAS COOKIES<\/b><\/p><p><span style=\"font-weight: 400;\">Algunas funcionalidades de los Servicios quedar\u00e1n deshabilitadas.<\/span><\/p><p><b>ACTUALIZACI\u00d3N DE NUESTRA POL\u00cdTICA DE COOKIES<\/b><\/p><p><span style=\"font-weight: 400;\">Es posible que actualicemos la Pol\u00edtica de Cookies de nuestro Sitio web, por ello le recomendamos revisar esta pol\u00edtica cada vez que acceda al mismo con el objetivo de estar adecuadamente informado sobre c\u00f3mo y para qu\u00e9 usamos las cookies. <\/span><\/p>\t\t\t\t\t\t\t\t<\/div>\n\t\t\t\t<\/div>\n\t\t\t\t\t<\/div>\n\t\t<\/div>\n\t\t\t\t\t<\/div>\n\t\t<\/section>\n\t\t\t\t<\/div>\n\t\t","protected":false},"excerpt":{"rendered":"<p>COOKIES CERAMICAS DAOSAN, S.L.U. no utiliza cookies para recoger informaci\u00f3n de las personas usuarias. \u00danicamente se utilizan cookies propias,\u00a0 de sesi\u00f3n, con finalidad t\u00e9cnica (aquellas que permiten a la persona usuaria\u00a0la navegaci\u00f3n a trav\u00e9s del sitio web y la utilizaci\u00f3n de las diferentes opciones y servicios que en ella existen).\u201d En el caso de que [&hellip;]<\/p>\n","protected":false},"author":1,"featured_media":0,"parent":0,"menu_order":0,"comment_status":"closed","ping_status":"closed","template":"","meta":{"site-sidebar-layout":"no-sidebar","site-content-layout":"page-builder","ast-site-content-layout":"default","site-content-style":"default","site-sidebar-style":"default","ast-global-header-display":"","ast-banner-title-visibility":"","ast-main-header-display":"","ast-hfb-above-header-display":"","ast-hfb-below-header-display":"","ast-hfb-mobile-header-display":"","site-post-title":"disabled","ast-breadcrumbs-content":"","ast-featured-img":"disabled","footer-sml-layout":"","ast-disable-related-posts":"","theme-transparent-header-meta":"default","adv-header-id-meta":"","stick-header-meta":"","header-above-stick-meta":"","header-main-stick-meta":"","header-below-stick-meta":"","astra-migrate-meta-layouts":"default","ast-page-background-enabled":"default","ast-page-background-meta":{"desktop":{"background-color":"var(--ast-global-color-4)","background-image":"","background-repeat":"repeat","background-position":"center center","background-size":"auto","background-attachment":"scroll","background-type":"","background-media":"","overlay-type":"","overlay-color":"","overlay-opacity":"","overlay-gradient":""},"tablet":{"background-color":"","background-image":"","background-repeat":"repeat","background-position":"center center","background-size":"auto","background-attachment":"scroll","background-type":"","background-media":"","overlay-type":"","overlay-color":"","overlay-opacity":"","overlay-gradient":""},"mobile":{"background-color":"","background-image":"","background-repeat":"repeat","background-position":"center center","background-size":"auto","background-attachment":"scroll","background-type":"","background-media":"","overlay-type":"","overlay-color":"","overlay-opacity":"","overlay-gradient":""}},"ast-content-background-meta":{"desktop":{"background-color":"var(--ast-global-color-5)","background-image":"","background-repeat":"repeat","background-position":"center center","background-size":"auto","background-attachment":"scroll","background-type":"","background-media":"","overlay-type":"","overlay-color":"","overlay-opacity":"","overlay-gradient":""},"tablet":{"background-color":"var(--ast-global-color-5)","background-image":"","background-repeat":"repeat","background-position":"center center","background-size":"auto","background-attachment":"scroll","background-type":"","background-media":"","overlay-type":"","overlay-color":"","overlay-opacity":"","overlay-gradient":""},"mobile":{"background-color":"var(--ast-global-color-5)","background-image":"","background-repeat":"repeat","background-position":"center center","background-size":"auto","background-attachment":"scroll","background-type":"","background-media":"","overlay-type":"","overlay-color":"","overlay-opacity":"","overlay-gradient":""}},"_joinchat":[],"footnotes":""},"class_list":["post-35","page","type-page","status-publish","hentry"],"_links":{"self":[{"href":"https:\/\/dsdaosan.com\/index.php?rest_route=\/wp\/v2\/pages\/35","targetHints":{"allow":["GET"]}}],"collection":[{"href":"https:\/\/dsdaosan.com\/index.php?rest_route=\/wp\/v2\/pages"}],"about":[{"href":"https:\/\/dsdaosan.com\/index.php?rest_route=\/wp\/v2\/types\/page"}],"author":[{"embeddable":true,"href":"https:\/\/dsdaosan.com\/index.php?rest_route=\/wp\/v2\/users\/1"}],"replies":[{"embeddable":true,"href":"https:\/\/dsdaosan.com\/index.php?rest_route=%2Fwp%2Fv2%2Fcomments&post=35"}],"version-history":[{"count":7,"href":"https:\/\/dsdaosan.com\/index.php?rest_route=\/wp\/v2\/pages\/35\/revisions"}],"predecessor-version":[{"id":43,"href":"https:\/\/dsdaosan.com\/index.php?rest_route=\/wp\/v2\/pages\/35\/revisions\/43"}],"wp:attachment":[{"href":"https:\/\/dsdaosan.com\/index.php?rest_route=%2Fwp%2Fv2%2Fmedia&parent=35"}],"curies":[{"name":"wp","href":"https:\/\/api.w.org\/{rel}","templated":true}]}}