{"id":44,"date":"2023-05-08T08:52:42","date_gmt":"2023-05-08T08:52:42","guid":{"rendered":"https:\/\/dsdaosan.com\/?page_id=44"},"modified":"2025-02-27T09:33:48","modified_gmt":"2025-02-27T09:33:48","slug":"politica-de-privacidad","status":"publish","type":"page","link":"https:\/\/dsdaosan.com\/?page_id=44","title":{"rendered":"Pol\u00edtica de privacidad"},"content":{"rendered":"\t\t<div data-elementor-type=\"wp-page\" data-elementor-id=\"44\" class=\"elementor elementor-44\" data-elementor-post-type=\"page\">\n\t\t\t\t\t\t<section class=\"elementor-section elementor-top-section elementor-element elementor-element-3455e1a6 elementor-section-full_width elementor-section-height-min-height elementor-section-height-default elementor-section-items-middle\" data-id=\"3455e1a6\" data-element_type=\"section\" data-e-type=\"section\" data-settings=\"{&quot;jet_parallax_layout_list&quot;:[],&quot;background_background&quot;:&quot;classic&quot;}\">\n\t\t\t\t\t\t\t<div class=\"elementor-background-overlay\"><\/div>\n\t\t\t\t\t\t\t<div class=\"elementor-container elementor-column-gap-no\">\n\t\t\t\t\t<div class=\"elementor-column elementor-col-100 elementor-top-column elementor-element elementor-element-22557968\" data-id=\"22557968\" data-element_type=\"column\" data-e-type=\"column\">\n\t\t\t<div class=\"elementor-widget-wrap elementor-element-populated\">\n\t\t\t\t\t\t<div class=\"elementor-element elementor-element-5aa873ef elementor-widget__width-auto elementor-widget elementor-widget-heading\" data-id=\"5aa873ef\" data-element_type=\"widget\" data-e-type=\"widget\" data-widget_type=\"heading.default\">\n\t\t\t\t<div class=\"elementor-widget-container\">\n\t\t\t\t\t<h2 class=\"elementor-heading-title elementor-size-default\">POL\u00cdTICA DE PRIVACIDAD<\/h2>\t\t\t\t<\/div>\n\t\t\t\t<\/div>\n\t\t\t\t\t<\/div>\n\t\t<\/div>\n\t\t\t\t\t<\/div>\n\t\t<\/section>\n\t\t\t\t<section class=\"elementor-section elementor-top-section elementor-element elementor-element-affd896 elementor-section-boxed elementor-section-height-default elementor-section-height-default\" data-id=\"affd896\" data-element_type=\"section\" data-e-type=\"section\" data-settings=\"{&quot;jet_parallax_layout_list&quot;:[]}\">\n\t\t\t\t\t\t<div class=\"elementor-container elementor-column-gap-default\">\n\t\t\t\t\t<div class=\"elementor-column elementor-col-100 elementor-top-column elementor-element elementor-element-5efb614\" data-id=\"5efb614\" data-element_type=\"column\" data-e-type=\"column\">\n\t\t\t<div class=\"elementor-widget-wrap elementor-element-populated\">\n\t\t\t\t\t\t<div class=\"elementor-element elementor-element-bc30a3d elementor-widget elementor-widget-text-editor\" data-id=\"bc30a3d\" data-element_type=\"widget\" data-e-type=\"widget\" data-widget_type=\"text-editor.default\">\n\t\t\t\t<div class=\"elementor-widget-container\">\n\t\t\t\t\t\t\t\t\t<p><strong><u>INFORMACI\u00d3N BASICA<\/u><\/strong><\/p><h4><u>Finalidad<\/u><\/h4><h4>Prestar los servicios ofrecidos a trav\u00e9s de la web o atender otros tipos de relaciones que puedan surgir con CERAMICAS DAOSAN, S.L.U. como consecuencia de las solicitudes, gestiones o tr\u00e1mites que el Usuario realice mediante la web, as\u00ed como la gesti\u00f3n del env\u00edo de informaci\u00f3n y comunicaciones comerciales a solicitud del usuario<\/h4><h4><u>Legitimaci\u00f3n<\/u><\/h4><h4>Ley Org\u00e1nica 3\/2018, de 5 de diciembre, de Protecci\u00f3n de Datos Personales y Garant\u00edas De Los Derechos Digitales y Reglamento (UE) 2016\/679 del PE y del Consejo de 27 de abril de 2016.<\/h4><h4><u>Destinatarios<\/u><\/h4><h4>Fichero interno automatizado de CERAMICAS DAOSAN, S.L.U. y terceros para el desarrollo, mantenimiento y control de la relaci\u00f3n jur\u00eddica que se establezca cuando exista autorizaci\u00f3n legal por el usuario para hacerlo<\/h4><h4><u>Derechos<\/u><\/h4><h4>Acceso, rectificaci\u00f3n, portabilidad, limitaci\u00f3n del tratamiento, oposici\u00f3n y cancelaci\u00f3n.<\/h4><h4>\u00a0<\/h4><p><strong><u>INFORMACI\u00d3N DETALLADA<\/u><\/strong><\/p><p>La presente\u00a0Pol\u00edtica de Privacidad regula los tratamientos de datos de car\u00e1cter personal llevados a cabo como consecuencia del acceso y uso de la p\u00e1gina web www.dsdaosan.com (en adelante, \u201cla web\u201d) del que es titular CERAMICAS DAOSAN, S.L.U. con CIF B23788789 y domicilio en C\/PLATEROS, 5. POLIGONO LLANOS DEL VALLE. 23009 DE JAEN Asimismo, la presente Pol\u00edtica informa sobre las Cookies utilizadas en la web.<\/p><p>El uso de la web atribuye la condici\u00f3n de usuario (en adelante, el\u00a0\u201cUsuario\u201d) e implica el conocimiento y la aceptaci\u00f3n de todas las condiciones incluidas en esta Pol\u00edtica de Privacidad. El Usuario debe leer atentamente la presente Pol\u00edtica de Privacidad en cada una de las ocasiones que se proponga utilizar la web, ya que \u00e9sta puede sufrir modificaciones.<\/p><p><u>Recogida, tratamiento y uso de los datos personales en la web.<\/u><\/p><p>En base a lo dispuesto en la \u00a0Ley Org\u00e1nica 3\/2018, de 5 de diciembre, de Protecci\u00f3n de Datos Personales y Garant\u00edas De Los Derechos Digitales (en adelante, \u201cLOPDGDD\u201d) y Reglamento (UE) 2016\/679 del PE y del Consejo de 27 de Abril de 2016 (en adelante \u201cRGPD\u201d), le informamos que para hacer uso algunos de los servicios que les ofrece nuestra web, puede ser necesario que nos suministre determinados datos de car\u00e1cter personal que sera\u0301n incorporados a las actividades y los ficheros automatizados.<\/p><p>El\u00a0responsable del tratamiento\u00a0de los datos es CERAMICAS DAOSAN, S.L.U. con domicilio social en C\/PLATEROS, 5. POLIGONO LLANOS DEL VALLE. 23009 DE JAEN. Tanto las instalaciones como el sistema inform\u00e1tico de CERAMICAS DAOSAN, S.L.U., cumple con las medidas de seguridad establecidas en dichas normativas.<\/p><p>Con car\u00e1cter general, los datos recogidos ser\u00e1n tratados con la finalidad de prestar los servicios ofrecidos a trav\u00e9s de la web o atender otros tipos de relaciones que puedan surgir con CERAMICAS DAOSAN, S.L.U. como consecuencia de las solicitudes, gestiones o tr\u00e1mites que el Usuario realice mediante la web. Los datos objeto de tratamiento ser\u00e1n aquellos que nos facilite a trav\u00e9s de los formularios que en cada momento contenga la p\u00e1gina o\u00a0a trav\u00e9s de los correos electr\u00f3nicos que el Usuario dirija a las direcciones de correo electr\u00f3nico identificadas en la misma, as\u00ed como aquellos otros que se generen durante el mantenimiento de la relaci\u00f3n correspondiente.<\/p><p>Todos los campos que aparecen se\u00f1alados como obligatorios en cualesquiera de los formularios deber\u00e1n ser cumplimentados necesariamente, de tal modo que la omisi\u00f3n de alguno de ellos podr\u00e1 comportar la imposibilidad de que podamos atender su solicitud o prestarle los servicios correspondientes.<\/p><p>Adicionalmente, durante dicha recogida de datos, es posible que se solicite su consentimiento para otra serie de finalidades que no guardan una relaci\u00f3n directa con el servicio o la relaci\u00f3n correspondiente. En el caso de que no est\u00e9 de acuerdo con dichos tratamientos adicionales, marque o desmarque la casilla destinada al efecto seg\u00fan corresponda.<\/p><p><u>Comunicaciones o cesiones de datos<\/u><\/p><p>Los datos recogidos en la p\u00e1gina web www.dsdaosan.com \u00fanicamente ser\u00e1n ser comunicados a otras empresas para el desarrollo, mantenimiento y control de la relaci\u00f3n jur\u00eddica que se establezca o cuando exista autorizaci\u00f3n legal para hacerlo.<\/p><p>La aceptaci\u00f3n del usuario para que puedan ser tratados o cedidos sus datos en la forma establecida en este p\u00e1rrafo, tiene siempre car\u00e1cter revocable, sin efectos retroactivos, conforme a lo dispuesto en la LOPDGDD y el RGPD.<\/p><p>Fuera de los supuestos previstos en el p\u00e1rrafo anterior, CERAMICAS DAOSAN, S.L.U. no comunicar\u00e1 los datos personales de los Usuarios a ning\u00fan otro tercero,\u00a0salvo cuando se obtenga su consentimiento previo para ello en la forma legalmente exigida.<\/p><p><u>Exactitud, actualizaci\u00f3n y conservaci\u00f3n de los datos personales de los Usuarios<\/u><\/p><p>Al enviarnos sus datos a trav\u00e9s de los formularios previstos o mediante correo electr\u00f3nico a los buzones correspondientes, el Usuario declara que la informaci\u00f3n y los datos facilitados son exactos y veraces, as\u00ed como que es mayor de 18 a\u00f1os. Los servicios de la web no est\u00e1n dirigidos a menores de 18 a\u00f1os por lo que no tenemos previsto consentimiento paterno en ning\u00fan caso. Ser\u00e1 responsabilidad del Usuario mantener permanentemente actualizados todos sus datos personales.<\/p><p>CERAMICAS DAOSAN, S.L.U. conservar\u00e1 los datos personales mientras sea necesario para prestar los servicios o atender las solicitudes de los Usuarios y, en todo caso, por los periodos legalmente previstos para cada caso.<\/p><p><u>Menores<\/u><\/p><p>CERAMICAS DAOSAN, S.L.U. nunca utilizar\u00e1 estos datos para fines inadecuados en relaci\u00f3n con la edad del menor, sino que lo har\u00e1 en consonancia con esa edad, conocimiento y madurez de este p\u00fablico objetivo. Adem\u00e1s, CERAMICAS DAOSAN, S.L.U. no recabar\u00e1 datos relativos a la intimidad de los miembros de su familia. CERAMICAS DAOSAN, S.L.U. facilitar\u00e1 a los padres o tutores la posibilidad de que puedan ejercer los derechos de acceso, cancelaci\u00f3n, rectificaci\u00f3n y oposici\u00f3n de los datos de sus hijos o tutelados y animar\u00e1 a los menores a que consulten con ellos antes de proporcionar los datos de car\u00e1cter personal. En el caso de tratarse de menores de catorce a\u00f1os deber\u00e1n aportar a CERAMICAS DAOSAN, S.L.U. autorizaci\u00f3n escrita de sus padres, tutores o representantes legales, consintiendo el tratamiento de sus datos.<\/p><p><u>Ejercicio de los derechos de acceso, rectificaci\u00f3n, supresi\u00f3n, oposici\u00f3n, limitaci\u00f3n del tratamiento y portabilidad de los datos<\/u><\/p><p>Los usuarios podr\u00e1n oponerse al tratamiento de cualquiera de sus datos que no sean imprescindibles para la prestaci\u00f3n de servicios ofertados en la web y a su uso para cualquier finalidad distinta del mantenimiento de su relaci\u00f3n de la especificada en la misma.<\/p><p>Los usuarios quedan debidamente informados y por tanto podr\u00e1n ejercer,\u00a0en cualquier momento, sus derechos de acceso, rectificaci\u00f3n, supresi\u00f3n, oposici\u00f3n, limitaci\u00f3n del tratamiento y portabilidad de sus datos, as\u00ed como revocar su consentimiento o ejercer su derecho al olvido en los t\u00e9rminos previstos legalmente, dirigi\u00e9ndose a la siguiente direcci\u00f3n electr\u00f3nica: juani.daosan@hotmail.com o a la siguiente direcci\u00f3n postal: C\/PLATEROS, 5. POLIGONO LLANOS DEL VALLE. 23009 DE JAEN y acompa\u00f1ando copia del documento que acredite su identidad.<\/p><p><u>Comunicaciones comerciales<\/u><\/p><p>En los casos en los que el Usuario haya otorgado su consentimiento a recibir comunicaciones comerciales, CERAMICAS DAOSAN, S.L.U. podr\u00e1 remitir a los Usuarios informaci\u00f3n comercial o publicitaria por cualquier medio, incluidos medios electr\u00f3nicos (correo electr\u00f3nico, whatsapp, SMS, etc.), sea de car\u00e1cter general o adaptada a sus caracter\u00edsticas personales, sobre sus productos y servicios, incluyendo la participaci\u00f3n en sorteos, eventos y encuestas de satisfacci\u00f3n.<\/p><p>En cualquier caso, el Usuario podr\u00e1 oponerse a la remisi\u00f3n de comunicaciones comerciales en cualquier momento mediante el env\u00edo de una comunicaci\u00f3n a las direcciones postales o electr\u00f3nicas previstas en el apartado anterior o usando los medios espec\u00edficos que se reconozcan en las propias comunicaciones comerciales que se le dirijan.<\/p><p><u>Sitios Enlazados<\/u><\/p><p>La web puede contener enlaces con otros sitios web ajenos a CERAMICAS DAOSAN, S.L.U., de manera que no podemos garantizar ni respondemos del tratamiento de los datos personales que el usuario proporcione en esos sitios web. En consecuencia, le recomendamos que revise las pol\u00edticas de privacidad de dichos sitios.<\/p>\t\t\t\t\t\t\t\t<\/div>\n\t\t\t\t<\/div>\n\t\t\t\t\t<\/div>\n\t\t<\/div>\n\t\t\t\t\t<\/div>\n\t\t<\/section>\n\t\t\t\t<section class=\"elementor-section elementor-top-section elementor-element elementor-element-5da04a2f elementor-section-boxed elementor-section-height-default elementor-section-height-default\" data-id=\"5da04a2f\" data-element_type=\"section\" data-e-type=\"section\" data-settings=\"{&quot;jet_parallax_layout_list&quot;:[]}\">\n\t\t\t\t\t\t<div class=\"elementor-container elementor-column-gap-default\">\n\t\t\t\t\t<div class=\"elementor-column elementor-col-100 elementor-top-column elementor-element elementor-element-72c323fa\" data-id=\"72c323fa\" data-element_type=\"column\" data-e-type=\"column\">\n\t\t\t<div class=\"elementor-widget-wrap\">\n\t\t\t\t\t\t\t<\/div>\n\t\t<\/div>\n\t\t\t\t\t<\/div>\n\t\t<\/section>\n\t\t\t\t<\/div>\n\t\t","protected":false},"excerpt":{"rendered":"<p>POL\u00cdTICA DE PRIVACIDAD INFORMACI\u00d3N BASICA Finalidad Prestar los servicios ofrecidos a trav\u00e9s de la web o atender otros tipos de relaciones que puedan surgir con CERAMICAS DAOSAN, S.L.U. como consecuencia de las solicitudes, gestiones o tr\u00e1mites que el Usuario realice mediante la web, as\u00ed como la gesti\u00f3n del env\u00edo de informaci\u00f3n y comunicaciones comerciales a [&hellip;]<\/p>\n","protected":false},"author":1,"featured_media":0,"parent":0,"menu_order":0,"comment_status":"closed","ping_status":"closed","template":"","meta":{"site-sidebar-layout":"no-sidebar","site-content-layout":"page-builder","ast-site-content-layout":"default","site-content-style":"default","site-sidebar-style":"default","ast-global-header-display":"","ast-banner-title-visibility":"","ast-main-header-display":"","ast-hfb-above-header-display":"","ast-hfb-below-header-display":"","ast-hfb-mobile-header-display":"","site-post-title":"disabled","ast-breadcrumbs-content":"","ast-featured-img":"disabled","footer-sml-layout":"","ast-disable-related-posts":"","theme-transparent-header-meta":"default","adv-header-id-meta":"","stick-header-meta":"","header-above-stick-meta":"","header-main-stick-meta":"","header-below-stick-meta":"","astra-migrate-meta-layouts":"default","ast-page-background-enabled":"default","ast-page-background-meta":{"desktop":{"background-color":"var(--ast-global-color-4)","background-image":"","background-repeat":"repeat","background-position":"center center","background-size":"auto","background-attachment":"scroll","background-type":"","background-media":"","overlay-type":"","overlay-color":"","overlay-opacity":"","overlay-gradient":""},"tablet":{"background-color":"","background-image":"","background-repeat":"repeat","background-position":"center center","background-size":"auto","background-attachment":"scroll","background-type":"","background-media":"","overlay-type":"","overlay-color":"","overlay-opacity":"","overlay-gradient":""},"mobile":{"background-color":"","background-image":"","background-repeat":"repeat","background-position":"center center","background-size":"auto","background-attachment":"scroll","background-type":"","background-media":"","overlay-type":"","overlay-color":"","overlay-opacity":"","overlay-gradient":""}},"ast-content-background-meta":{"desktop":{"background-color":"var(--ast-global-color-5)","background-image":"","background-repeat":"repeat","background-position":"center center","background-size":"auto","background-attachment":"scroll","background-type":"","background-media":"","overlay-type":"","overlay-color":"","overlay-opacity":"","overlay-gradient":""},"tablet":{"background-color":"var(--ast-global-color-5)","background-image":"","background-repeat":"repeat","background-position":"center center","background-size":"auto","background-attachment":"scroll","background-type":"","background-media":"","overlay-type":"","overlay-color":"","overlay-opacity":"","overlay-gradient":""},"mobile":{"background-color":"var(--ast-global-color-5)","background-image":"","background-repeat":"repeat","background-position":"center center","background-size":"auto","background-attachment":"scroll","background-type":"","background-media":"","overlay-type":"","overlay-color":"","overlay-opacity":"","overlay-gradient":""}},"_joinchat":[],"footnotes":""},"class_list":["post-44","page","type-page","status-publish","hentry"],"_links":{"self":[{"href":"https:\/\/dsdaosan.com\/index.php?rest_route=\/wp\/v2\/pages\/44","targetHints":{"allow":["GET"]}}],"collection":[{"href":"https:\/\/dsdaosan.com\/index.php?rest_route=\/wp\/v2\/pages"}],"about":[{"href":"https:\/\/dsdaosan.com\/index.php?rest_route=\/wp\/v2\/types\/page"}],"author":[{"embeddable":true,"href":"https:\/\/dsdaosan.com\/index.php?rest_route=\/wp\/v2\/users\/1"}],"replies":[{"embeddable":true,"href":"https:\/\/dsdaosan.com\/index.php?rest_route=%2Fwp%2Fv2%2Fcomments&post=44"}],"version-history":[{"count":16,"href":"https:\/\/dsdaosan.com\/index.php?rest_route=\/wp\/v2\/pages\/44\/revisions"}],"predecessor-version":[{"id":1128,"href":"https:\/\/dsdaosan.com\/index.php?rest_route=\/wp\/v2\/pages\/44\/revisions\/1128"}],"wp:attachment":[{"href":"https:\/\/dsdaosan.com\/index.php?rest_route=%2Fwp%2Fv2%2Fmedia&parent=44"}],"curies":[{"name":"wp","href":"https:\/\/api.w.org\/{rel}","templated":true}]}}